{"id":1194,"date":"2019-01-15T15:16:50","date_gmt":"2019-01-15T15:16:50","guid":{"rendered":"https:\/\/rockythemes.com\/nimva3\/?page_id=1194"},"modified":"2026-04-15T15:39:58","modified_gmt":"2026-04-15T13:39:58","slug":"nimva-business","status":"publish","type":"page","link":"https:\/\/migr-servis.cz\/","title":{"rendered":"migr servis \u2013 \u00favodn\u00ed str\u00e1nka"},"content":{"rendered":"[vc_row bg_parallax=&#8220;true&#8220; css=&#8220;.vc_custom_1654590353381{padding-top: 10% !important;padding-bottom: 12% !important;background-image: url(https:\/\/migr-servis.cz\/wp-content\/uploads\/2022\/05\/svarec_fulhd.jpg?id=1895) !important;}&#8220;][vc_column width=&#8220;1\/4&#8243;][\/vc_column][vc_column width=&#8220;1\/2&#8243;][vc_custom_heading text=&#8220;Zak\u00e1zkov\u00e1, kooperativn\u00ed<br \/>\na s\u00e9riov\u00e1 v\u00fdroba v oblasti <strong>sva\u0159ov\u00e1n\u00ed a obr\u00e1b\u011bn\u00ed kov\u016f<\/strong>..&#8220; font_container=&#8220;tag:h2|font_size:40px|text_align:center|color:%23ffffff|line_height:46px&#8220; use_theme_fonts=&#8220;yes&#8220; el_class=&#8220;font_weight_300&#8243; css=&#8220;.vc_custom_1654701432613{background-color: rgba(10,10,10,0.57) !important;*background-color: rgb(10,10,10) !important;}&#8220;][vc_column_text]<div class='black' style='background:rgba(0, 0, 0, 0.34); border:solid 0px rgb(0, 0, 0); border-radius:2px; padding:2px 2px 2px 2px;'>\n<div id='migr_slider' class='owl-carousel sa_owl_theme owl-pagination-true autohide-arrows' data-slider-id='migr_slider' style='visibility:hidden;'>\n<div id='migr_slider_slide01' class='sa_hover_container' style='padding:2% 2%; margin:0px 0%; '><p><img loading=\"lazy\" decoding=\"async\" class=\"size-medium wp-image-1870 aligncenter\" src=\"https:\/\/migr-servis.cz\/wp-content\/uploads\/2022\/05\/20220414_113432-225x300.jpg\" alt=\"\" width=\"225\" height=\"300\" srcset=\"https:\/\/migr-servis.cz\/wp-content\/uploads\/2022\/05\/20220414_113432-225x300.jpg 225w, https:\/\/migr-servis.cz\/wp-content\/uploads\/2022\/05\/20220414_113432-768x1024.jpg 768w, https:\/\/migr-servis.cz\/wp-content\/uploads\/2022\/05\/20220414_113432-1152x1536.jpg 1152w, https:\/\/migr-servis.cz\/wp-content\/uploads\/2022\/05\/20220414_113432-1536x2048.jpg 1536w, https:\/\/migr-servis.cz\/wp-content\/uploads\/2022\/05\/20220414_113432-scaled.jpg 1920w\" sizes=\"auto, (max-width: 225px) 100vw, 225px\" \/><\/p><\/div>\n<div id='migr_slider_slide06' class='sa_hover_container' style='padding:2% 2%; margin:0px 0%; '><p><img loading=\"lazy\" decoding=\"async\" class=\"alignnone size-full wp-image-2029\" src=\"https:\/\/migr-servis.cz\/wp-content\/uploads\/2023\/03\/DSC_0487.jpg\" alt=\"\" width=\"201\" height=\"300\" \/><\/p><\/div>\n<div id='migr_slider_slide07' class='sa_hover_container' style='padding:2% 2%; margin:0px 0%; '><p><img loading=\"lazy\" decoding=\"async\" class=\"alignnone size-medium wp-image-1888\" src=\"https:\/\/migr-servis.cz\/wp-content\/uploads\/2022\/05\/vyroba-atypickych-voziku-Matador-200x300.jpg\" alt=\"\" width=\"200\" height=\"300\" srcset=\"https:\/\/migr-servis.cz\/wp-content\/uploads\/2022\/05\/vyroba-atypickych-voziku-Matador-200x300.jpg 200w, https:\/\/migr-servis.cz\/wp-content\/uploads\/2022\/05\/vyroba-atypickych-voziku-Matador.jpg 683w\" sizes=\"auto, (max-width: 200px) 100vw, 200px\" \/><\/p><\/div>\n<div id='migr_slider_slide05' class='sa_hover_container' style='padding:2% 2%; margin:0px 0%; '><p><img loading=\"lazy\" decoding=\"async\" class=\"alignnone size-medium wp-image-1889\" src=\"https:\/\/migr-servis.cz\/wp-content\/uploads\/2022\/05\/20191115_084757-225x300.jpg\" alt=\"\" width=\"225\" height=\"300\" srcset=\"https:\/\/migr-servis.cz\/wp-content\/uploads\/2022\/05\/20191115_084757-225x300.jpg 225w, https:\/\/migr-servis.cz\/wp-content\/uploads\/2022\/05\/20191115_084757-768x1024.jpg 768w, https:\/\/migr-servis.cz\/wp-content\/uploads\/2022\/05\/20191115_084757-1152x1536.jpg 1152w, https:\/\/migr-servis.cz\/wp-content\/uploads\/2022\/05\/20191115_084757-1536x2048.jpg 1536w, https:\/\/migr-servis.cz\/wp-content\/uploads\/2022\/05\/20191115_084757-scaled.jpg 1920w\" sizes=\"auto, (max-width: 225px) 100vw, 225px\" \/><\/p><\/div>\n<div id='migr_slider_slide02' class='sa_hover_container' style='padding:2% 2%; margin:0px 0%; '><p><img loading=\"lazy\" decoding=\"async\" class=\"alignnone size-full wp-image-2030\" src=\"https:\/\/migr-servis.cz\/wp-content\/uploads\/2023\/03\/kompletni-usek-jednoho-proktu.jpg\" alt=\"\" width=\"181\" height=\"300\" \/><\/p><\/div>\n<div id='migr_slider_slide03' class='sa_hover_container' style='padding:2% 2%; margin:0px 0%; '><p><img loading=\"lazy\" decoding=\"async\" class=\"alignnone size-full wp-image-2026\" src=\"https:\/\/migr-servis.cz\/wp-content\/uploads\/2023\/03\/20210717_155959.jpg\" alt=\"\" width=\"178\" height=\"300\" \/><\/p><\/div>\n<div id='migr_slider_slide04' class='sa_hover_container' style='padding:2% 2%; margin:0px 0%; '><p><img loading=\"lazy\" decoding=\"async\" class=\"alignnone size-medium wp-image-1873\" src=\"https:\/\/migr-servis.cz\/wp-content\/uploads\/2022\/05\/20220429_093659-225x300.jpg\" alt=\"\" width=\"225\" height=\"300\" srcset=\"https:\/\/migr-servis.cz\/wp-content\/uploads\/2022\/05\/20220429_093659-225x300.jpg 225w, https:\/\/migr-servis.cz\/wp-content\/uploads\/2022\/05\/20220429_093659-768x1024.jpg 768w, https:\/\/migr-servis.cz\/wp-content\/uploads\/2022\/05\/20220429_093659-1152x1536.jpg 1152w, https:\/\/migr-servis.cz\/wp-content\/uploads\/2022\/05\/20220429_093659-1536x2048.jpg 1536w, https:\/\/migr-servis.cz\/wp-content\/uploads\/2022\/05\/20220429_093659-scaled.jpg 1920w\" sizes=\"auto, (max-width: 225px) 100vw, 225px\" \/><\/p><\/div>\n<\/div>\n<\/div>\n<script type='text\/javascript'>\n\tjQuery(document).ready(function() {\n\t\tjQuery('#migr_slider').owlCarousel({\n\t\t\tresponsive:{\n\t\t\t\t0:{ items:1 },\n\t\t\t\t480:{ items:2 },\n\t\t\t\t768:{ items:3 },\n\t\t\t\t980:{ items:4 },\n\t\t\t\t1200:{ items:4 },\n\t\t\t\t1500:{ items:4 }\n\t\t\t},\n\t\t\tautoplay : true,\n\t\t\tautoplayTimeout : 4000,\n\t\t\tautoplayHoverPause : true,\n\t\t\tsmartSpeed : 300,\n\t\t\tfluidSpeed : 300,\n\t\t\tautoplaySpeed : 300,\n\t\t\tnavSpeed : 300,\n\t\t\tdotsSpeed : 300,\n\t\t\tloop : true,\n\t\t\tnav : true,\n\t\t\tnavText : ['Previous','Next'],\n\t\t\tdots : true,\n\t\t\tresponsiveRefreshRate : 200,\n\t\t\tslideBy : 1,\n\t\t\tmergeFit : true,\n\t\t\tautoHeight : false,\n\t\t\tmouseDrag : false,\n\t\t\ttouchDrag : true\n\t\t});\n\t\tjQuery('#migr_slider').css('visibility', 'visible');\n\t\tsa_resize_migr_slider();\n\t\twindow.addEventListener('resize', sa_resize_migr_slider);\n\t\tfunction sa_resize_migr_slider() {\n\t\t\tvar min_height = '100';\n\t\t\tvar win_width = jQuery(window).width();\n\t\t\tvar slider_width = jQuery('#migr_slider').width();\n\t\t\tif (win_width < 480) {\n\t\t\t\tvar slide_width = slider_width \/ 1;\n\t\t\t} else if (win_width < 768) {\n\t\t\t\tvar slide_width = slider_width \/ 2;\n\t\t\t} else if (win_width < 980) {\n\t\t\t\tvar slide_width = slider_width \/ 3;\n\t\t\t} else if (win_width < 1200) {\n\t\t\t\tvar slide_width = slider_width \/ 4;\n\t\t\t} else if (win_width < 1500) {\n\t\t\t\tvar slide_width = slider_width \/ 4;\n\t\t\t} else {\n\t\t\t\tvar slide_width = slider_width \/ 4;\n\t\t\t}\n\t\t\tslide_width = Math.round(slide_width);\n\t\t\tvar slide_height = '0';\n\t\t\tif (min_height == 'aspect43') {\n\t\t\t\tslide_height = (slide_width \/ 4) * 3;\t\t\t\tslide_height = Math.round(slide_height);\n\t\t\t} else if (min_height == 'aspect169') {\n\t\t\t\tslide_height = (slide_width \/ 16) * 9;\t\t\t\tslide_height = Math.round(slide_height);\n\t\t\t} else {\n\t\t\t\tslide_height = (slide_width \/ 100) * min_height;\t\t\t\tslide_height = Math.round(slide_height);\n\t\t\t}\n\t\t\tjQuery('#migr_slider .owl-item .sa_hover_container').css('min-height', slide_height+'px');\n\t\t}\n\t\tvar owl_goto = jQuery('#migr_slider');\n\t\tjQuery('.migr_slider_goto1').click(function(event){\n\t\t\towl_goto.trigger('to.owl.carousel', 0);\n\t\t});\n\t\tjQuery('.migr_slider_goto2').click(function(event){\n\t\t\towl_goto.trigger('to.owl.carousel', 1);\n\t\t});\n\t\tjQuery('.migr_slider_goto3').click(function(event){\n\t\t\towl_goto.trigger('to.owl.carousel', 2);\n\t\t});\n\t\tjQuery('.migr_slider_goto4').click(function(event){\n\t\t\towl_goto.trigger('to.owl.carousel', 3);\n\t\t});\n\t\tjQuery('.migr_slider_goto5').click(function(event){\n\t\t\towl_goto.trigger('to.owl.carousel', 4);\n\t\t});\n\t\tjQuery('.migr_slider_goto6').click(function(event){\n\t\t\towl_goto.trigger('to.owl.carousel', 5);\n\t\t});\n\t\tjQuery('.migr_slider_goto7').click(function(event){\n\t\t\towl_goto.trigger('to.owl.carousel', 6);\n\t\t});\n\t\tvar resize_1916 = jQuery('.owl-carousel');\n\t\tresize_1916.on('initialized.owl.carousel', function(e) {\n\t\t\tif (typeof(Event) === 'function') {\n\t\t\t\twindow.dispatchEvent(new Event('resize'));\n\t\t\t} else {\n\t\t\t\tvar evt = window.document.createEvent('UIEvents');\n\t\t\t\tevt.initUIEvent('resize', true, false, window, 0);\n\t\t\t\twindow.dispatchEvent(evt);\n\t\t\t}\n\t\t});\n\t});\n<\/script>\n[\/vc_column_text][\/vc_column][vc_column width=&#8220;1\/4&#8243;][\/vc_column][\/vc_row][vc_row equal_height=&#8220;yes&#8220; content_placement=&#8220;middle&#8220; row_font_color=&#8220;#ffffff&#8220; css=&#8220;.vc_custom_1652959212830{padding-top: 10% !important;padding-bottom: 10% !important;background-color: #f2f2f2 !important;}&#8220;][vc_column width=&#8220;5\/12&#8243; css=&#8220;.vc_custom_1547566554790{padding-right: 5% !important;}&#8220;][vc_custom_heading text=&#8220;Dvakr\u00e1t m\u011b\u0159\u00edme a teprve pak \u0159e\u017eeme.&#8220; font_container=&#8220;tag:h3|font_size:16px|text_align:left|color:rgba(0%2C0%2C0%2C0.67)&#8220; use_theme_fonts=&#8220;yes&#8220; css=&#8220;.vc_custom_1652959286775{margin-bottom: 0px !important;padding-bottom: 20px !important;}&#8220;][vc_custom_heading text=&#8220;Poskytujeme technickou podporu firm\u00e1m. Jsme jejich oporou.&#8220; font_container=&#8220;tag:h2|font_size:40px|text_align:left|color:%23000000|line_height:46px&#8220; use_theme_fonts=&#8220;yes&#8220; el_class=&#8220;font_weight_300&#8243;][vc_column_text css=&#8220;.vc_custom_1652959321412{padding-bottom: 30px !important;}&#8220;]<span style=\"color: #000000;\">Zab\u00fdv\u00e1me kooperativn\u00ed a s\u00e9riovou v\u00fdrobou v oblasti sv\u00e1\u0159en\u00ed a obr\u00e1b\u011bn\u00ed kov\u016f.\u00a0 D\u00e1le tak\u00e9 mont\u00e1\u017en\u00edmi a demont\u00e1\u017en\u00edmi pracemi. Sou\u010dasn\u011b poskytujeme technickou podporu firm\u00e1m p\u0159i modifikac\u00edch za\u0159\u00edzen\u00ed a zm\u011bn\u00e1ch layoutu v oblasti stroj\u00edrenstv\u00ed a v automobilov\u00e9m pr\u016fmyslu.<\/span><\/p>\n<p><span style=\"color: #000000;\">Pod\u00edl\u00edme se\u00a0 tak\u00e9 na realizac\u00edch technick\u00e9ho a technologick\u00e9ho z\u00e1zem\u00ed firem v \u010cR i EU. Jsme zde ji\u017e od roku 2010.<\/span>[\/vc_column_text][vc_button title=&#8220;KONTAKTUJTE N\u00c1S&#8220; color=&#8220;transparent_dark&#8220; border_width=&#8220;2px&#8220; shape=&#8220;square&#8220; font_weight=&#8220;&#8220;][\/vc_column][vc_column width=&#8220;7\/12&#8243;][vc_row_inner][vc_column_inner width=&#8220;1\/2&#8243;]<div class=\"product-feature style2  prod_feature_counter1 toleft  \"  ><style type=\"text\/css\" scoped=\"scoped\">.product-feature.prod_feature_counter1 {}.product-feature.prod_feature_counter1 span.pf_icon {color: ;background-color: transparent;font-size:60px;line-height:60px;width: 60px;height: 60px;}.product-feature.prod_feature_counter1 .featured {color: #0a0a0a;font-size: 24px;font-weight: 500;}.product-feature.prod_feature_counter1 .product-featured-description {color: #000000;font-size: 16px;line-height: 1.7;}<\/style><div class=\"product-feature-wrap style_2 img_small\"><div class=\"pf-image\"><img decoding=\"async\" src=\"https:\/\/migr-servis.cz\/wp-content\/uploads\/2023\/03\/Welding-and-metalworking-2.png\"><\/div><h3 class=\"featured\">Sva\u0159ov\u00e1n\u00ed a obr\u00e1b\u011bn\u00ed kov\u016f<\/h3><div class=\"product-featured-description\">Hlavn\u00edm p\u0159edm\u011btem na\u0161\u00ed \u010dinnoti je zak\u00e1zkov\u00e1,kooper\u00e1tivn\u00ed<br \/>\na s\u00e9riov\u00e1 v\u00fdroba v oblasti sva\u0159ov\u00e1n\u00ed a obr\u00e1b\u011bn\u00ed kov\u016f<\/div><\/div><\/div>[\/vc_column_inner][vc_column_inner width=&#8220;1\/2&#8243;]<div class=\"product-feature style2  prod_feature_counter2 toleft  \"  ><style type=\"text\/css\" scoped=\"scoped\">.product-feature.prod_feature_counter2 {}.product-feature.prod_feature_counter2 span.pf_icon {color: ;background-color: transparent;font-size:60px;line-height:60px;width: 60px;height: 60px;}.product-feature.prod_feature_counter2 .featured {color: #0a0a0a;font-size: 24px;font-weight: 500;}.product-feature.prod_feature_counter2 .product-featured-description {color: #000000;font-size: 16px;line-height: 1.7;}<\/style><div class=\"product-feature-wrap style_2 img_small\"><div class=\"pf-image\"><img decoding=\"async\" src=\"https:\/\/migr-servis.cz\/wp-content\/uploads\/2023\/03\/montaze-1.png\"><\/div><h3 class=\"featured\">Mont\u00e1\u017en\u00ed a demont\u00e1\u017en\u00ed pr\u00e1ce<\/h3><div class=\"product-featured-description\">Zku\u0161enosti m\u00e1me tak\u00e9 v oblasti mont\u00e1\u017en\u00edch a<br \/>\ndemont\u00e1\u017en\u00edch pracech<\/div><\/div><\/div>[\/vc_column_inner][\/vc_row_inner][vc_row_inner][vc_column_inner width=&#8220;1\/2&#8243;]<div class=\"product-feature style2  prod_feature_counter3 toleft  \"  ><style type=\"text\/css\" scoped=\"scoped\">.product-feature.prod_feature_counter3 {}.product-feature.prod_feature_counter3 span.pf_icon {color: ;background-color: transparent;font-size:60px;line-height:60px;width: 60px;height: 60px;}.product-feature.prod_feature_counter3 .featured {color: #0a0a0a;font-size: 24px;font-weight: 500;}.product-feature.prod_feature_counter3 .product-featured-description {color: #000000;font-size: 16px;line-height: 1.7;}<\/style><div class=\"product-feature-wrap style_2 img_small\"><div class=\"pf-image\"><img decoding=\"async\" src=\"https:\/\/migr-servis.cz\/wp-content\/uploads\/2023\/03\/konzultace-2.png\"><\/div><h3 class=\"featured\">Projektov\u00e1 a konzulta\u010dn\u00ed p\u0159\u00edprava<\/h3><div class=\"product-featured-description\">Poskytujeme technickou podporu p\u0159i zm\u011bn\u00e1ch<br \/>\nLayout\u016f,modifikac\u00edch stroj\u016f a za\u0159\u00edzen\u00ed<\/div><\/div><\/div>[\/vc_column_inner][vc_column_inner width=&#8220;1\/2&#8243;]<div class=\"product-feature style2  prod_feature_counter4 toleft  \"  ><style type=\"text\/css\" scoped=\"scoped\">.product-feature.prod_feature_counter4 {}.product-feature.prod_feature_counter4 span.pf_icon {color: ;background-color: transparent;font-size:60px;line-height:60px;width: 60px;height: 60px;}.product-feature.prod_feature_counter4 .featured {color: #0a0a0a;font-size: 24px;font-weight: 500;}.product-feature.prod_feature_counter4 .product-featured-description {color: #000000;font-size: 16px;line-height: 1.7;}<\/style><div class=\"product-feature-wrap style_2 img_small\"><div class=\"pf-image\"><img decoding=\"async\" src=\"https:\/\/migr-servis.cz\/wp-content\/uploads\/2023\/03\/servis-1.png\"><\/div><h3 class=\"featured\">Servis a \u00fadr\u017eba<\/h3><div class=\"product-featured-description\">Poskytujeme servisni a \u00fadr\u017ebov\u00e9 pr\u00e1ce<\/div><\/div><\/div>[\/vc_column_inner][\/vc_row_inner][\/vc_column][\/vc_row][vc_row col_overlay=&#8220;rgba(0,0,0,0.66)&#8220; css=&#8220;.vc_custom_1547567306244{padding-top: 10% !important;padding-bottom: 10% !important;background-image: url(https:\/\/migr-servis.cz\/wp-content\/uploads\/2019\/01\/bg1.jpg?id=949) !important;background-position: center !important;background-repeat: no-repeat !important;background-size: cover !important;}&#8220;][vc_column][vc_custom_heading text=&#8220;Jsme p\u0159ipraveni \u0159e\u0161it va\u0161e probl\u00e9my a pot\u0159eby.&#8220; font_container=&#8220;tag:h2|font_size:35|text_align:center|color:%23ffffff|line_height:1.1&#8243; use_theme_fonts=&#8220;yes&#8220; css_animation=&#8220;fadeIn&#8220; el_class=&#8220;font_weight_700&#8243;][vc_custom_heading text=&#8220;Um\u00edme naj\u00edt vhodn\u00e1 \u0159e\u0161en\u00ed i slo\u017eit\u00fdch a komplexn\u00edch probl\u00e9m\u016f. D\u00edky tomu na\u0161e \u0159e\u0161en\u00ed V\u00e1m zajist\u00ed spolehliv\u00fd provoz a va\u0161i spokojenost.&#8220; font_container=&#8220;tag:h2|font_size:21|text_align:center|color:%23ffffff|line_height:1.4&#8243; use_theme_fonts=&#8220;yes&#8220; css_animation=&#8220;fadeIn&#8220; css=&#8220;.vc_custom_1652958741823{padding-top: 10px !important;padding-bottom: 2% !important;}&#8220;][vc_button title=&#8220;KONTAKTUJTE N\u00c1S&#8220; color=&#8220;blue&#8220; size=&#8220;large&#8220; shape=&#8220;pill&#8220; font_weight=&#8220;500&#8243; letter_spacing=&#8220;letter_1&#8243; align=&#8220;center&#8220; css_animation=&#8220;fadeInUp&#8220; href=&#8220;#kontakt&#8220;][\/vc_column][\/vc_row][vc_row css=&#8220;.vc_custom_1547571380633{padding-top: 8% !important;padding-bottom: 8% !important;}&#8220;][vc_column width=&#8220;1\/4&#8243;]<div class=\"product-feature style2  prod_feature_counter5 default  \"  ><style type=\"text\/css\" scoped=\"scoped\">.product-feature.prod_feature_counter5 {}.product-feature.prod_feature_counter5 span.pf_icon {color: #595959;background-color: transparent;font-size:60px;line-height:60px;width: 60px;height: 60px;}.product-feature.prod_feature_counter5 .featured {color: #111111;font-size: 24px;font-weight: 700;}.product-feature.prod_feature_counter5 .product-featured-description {color: #5e5e5e;font-size: 16px;line-height: 1.7;}<\/style><div class=\"product-feature-wrap style_2 img_small\"><h3 class=\"featured\">S\u00eddlo firmy<\/h3><div class=\"product-featured-description\">MiGr servis s.r.o.<br \/>\nVolfartice 264<br \/>\n471 12 Volfartice<\/div><\/div><\/div>[\/vc_column][vc_column width=&#8220;1\/4&#8243;]<div class=\"product-feature style2  prod_feature_counter6 default  \"  ><style type=\"text\/css\" scoped=\"scoped\">.product-feature.prod_feature_counter6 {}.product-feature.prod_feature_counter6 span.pf_icon {color: #595959;background-color: transparent;font-size:60px;line-height:60px;width: 60px;height: 60px;}.product-feature.prod_feature_counter6 .featured {color: #111111;font-size: 24px;font-weight: 700;}.product-feature.prod_feature_counter6 .product-featured-description {color: #5e5e5e;font-size: 16px;line-height: 1.7;}<\/style><div class=\"product-feature-wrap style_2 img_small\"><h3 class=\"featured\">Provozovna<\/h3><div class=\"product-featured-description\">Podles\u00ed \u010d.par. 995<br \/>\n471 23 Z\u00e1kupy<\/div><\/div><\/div>[\/vc_column][vc_column width=&#8220;1\/4&#8243;]<div class=\"product-feature style2  prod_feature_counter7 default  \"  ><style type=\"text\/css\" scoped=\"scoped\">.product-feature.prod_feature_counter7 {}.product-feature.prod_feature_counter7 span.pf_icon {color: #595959;background-color: transparent;font-size:60px;line-height:60px;width: 60px;height: 60px;}.product-feature.prod_feature_counter7 .featured {color: #111111;font-size: 24px;font-weight: 700;}.product-feature.prod_feature_counter7 .product-featured-description {color: #5e5e5e;font-size: 16px;line-height: 1.7;}<\/style><div class=\"product-feature-wrap style_2 img_small\"><h3 class=\"featured\">Email<\/h3><div class=\"product-featured-description\">migr.servis@centrum.cz<\/div><\/div><\/div>[\/vc_column][vc_column width=&#8220;1\/4&#8243;]<div class=\"product-feature style2  prod_feature_counter8 default  \"  ><style type=\"text\/css\" scoped=\"scoped\">.product-feature.prod_feature_counter8 {}.product-feature.prod_feature_counter8 span.pf_icon {color: #595959;background-color: transparent;font-size:60px;line-height:60px;width: 60px;height: 60px;}.product-feature.prod_feature_counter8 .featured {color: #111111;font-size: 24px;font-weight: 700;}.product-feature.prod_feature_counter8 .product-featured-description {color: #5e5e5e;font-size: 16px;line-height: 1.7;}<\/style><div class=\"product-feature-wrap style_2 img_small\"><h3 class=\"featured\">Telefon<\/h3><div class=\"product-featured-description\">+420 775 336 188<\/div><\/div><\/div>[\/vc_column][\/vc_row]\n","protected":false},"excerpt":{"rendered":"<p>[vc_row bg_parallax=&#8220;true&#8220; css=&#8220;.vc_custom_1654590353381{padding-top: 10% !important;padding-bottom: 12% !important;background-image: url(https:\/\/migr-servis.cz\/wp-content\/uploads\/2022\/05\/svarec_fulhd.jpg?id=1895) !important;}&#8220;][vc_column width=&#8220;1\/4&#8243;][\/vc_column][vc_column width=&#8220;1\/2&#8243;][vc_custom_heading text=&#8220;Zak\u00e1zkov\u00e1, kooperativn\u00ed a s\u00e9riov\u00e1 v\u00fdroba v oblasti sva\u0159ov\u00e1n\u00ed a obr\u00e1b\u011bn\u00ed kov\u016f..&#8220; font_container=&#8220;tag:h2|font_size:40px|text_align:center|color:%23ffffff|line_height:46px&#8220; use_theme_fonts=&#8220;yes&#8220; el_class=&#8220;font_weight_300&#8243; css=&#8220;.vc_custom_1654701432613{background-color: rgba(10,10,10,0.57) !important;*background-color: rgb(10,10,10) !important;}&#8220;][vc_column_text][\/vc_column_text][\/vc_column][vc_column width=&#8220;1\/4&#8243;][\/vc_column][\/vc_row][vc_row equal_height=&#8220;yes&#8220; content_placement=&#8220;middle&#8220; row_font_color=&#8220;#ffffff&#8220; css=&#8220;.vc_custom_1652959212830{padding-top: 10% !important;padding-bottom: 10% !important;background-color: #f2f2f2 !important;}&#8220;][vc_column width=&#8220;5\/12&#8243; css=&#8220;.vc_custom_1547566554790{padding-right: 5% !important;}&#8220;][vc_custom_heading text=&#8220;Dvakr\u00e1t m\u011b\u0159\u00edme a teprve pak \u0159e\u017eeme.&#8220; font_container=&#8220;tag:h3|font_size:16px|text_align:left|color:rgba(0%2C0%2C0%2C0.67)&#8220; use_theme_fonts=&#8220;yes&#8220; css=&#8220;.vc_custom_1652959286775{margin-bottom: 0px [&hellip;]<\/p>\n","protected":false},"author":1,"featured_media":0,"parent":0,"menu_order":0,"comment_status":"closed","ping_status":"closed","template":"page-full.php","meta":{"footnotes":""},"class_list":["post-1194","page","type-page","status-publish","hentry"],"_links":{"self":[{"href":"https:\/\/migr-servis.cz\/index.php?rest_route=\/wp\/v2\/pages\/1194","targetHints":{"allow":["GET"]}}],"collection":[{"href":"https:\/\/migr-servis.cz\/index.php?rest_route=\/wp\/v2\/pages"}],"about":[{"href":"https:\/\/migr-servis.cz\/index.php?rest_route=\/wp\/v2\/types\/page"}],"author":[{"embeddable":true,"href":"https:\/\/migr-servis.cz\/index.php?rest_route=\/wp\/v2\/users\/1"}],"replies":[{"embeddable":true,"href":"https:\/\/migr-servis.cz\/index.php?rest_route=%2Fwp%2Fv2%2Fcomments&post=1194"}],"version-history":[{"count":54,"href":"https:\/\/migr-servis.cz\/index.php?rest_route=\/wp\/v2\/pages\/1194\/revisions"}],"predecessor-version":[{"id":2042,"href":"https:\/\/migr-servis.cz\/index.php?rest_route=\/wp\/v2\/pages\/1194\/revisions\/2042"}],"wp:attachment":[{"href":"https:\/\/migr-servis.cz\/index.php?rest_route=%2Fwp%2Fv2%2Fmedia&parent=1194"}],"curies":[{"name":"wp","href":"https:\/\/api.w.org\/{rel}","templated":true}]}}